{"id":8537,"date":"2024-08-01T14:45:20","date_gmt":"2024-08-01T14:45:20","guid":{"rendered":"https:\/\/dnccp.gouv.tg\/dnccp\/?page_id=8537"},"modified":"2024-08-01T17:13:51","modified_gmt":"2024-08-01T17:13:51","slug":"travaux","status":"publish","type":"page","link":"https:\/\/dnccp.gouv.tg\/dnccp\/travaux\/","title":{"rendered":"Travaux"},"content":{"rendered":"\t\t<div data-elementor-type=\"wp-page\" data-elementor-id=\"8537\" class=\"elementor elementor-8537\">\n\t\t\t\t<div class=\"elementor-element elementor-element-1e621d5 e-flex e-con-boxed e-con e-parent\" data-id=\"1e621d5\" data-element_type=\"container\">\n\t\t\t\t\t<div class=\"e-con-inner\">\n\t\t\t\t<div class=\"elementor-element elementor-element-b487b9e elementor-grid-eael-col-1 elementor-grid-tablet-eael-col-2 elementor-grid-mobile-eael-col-1 elementor-widget elementor-widget-eael-post-grid\" data-id=\"b487b9e\" data-element_type=\"widget\" data-settings=\"{&quot;eael_post_grid_columns&quot;:&quot;eael-col-1&quot;,&quot;eael_post_grid_columns_tablet&quot;:&quot;eael-col-2&quot;,&quot;eael_post_grid_columns_mobile&quot;:&quot;eael-col-1&quot;}\" data-widget_type=\"eael-post-grid.default\">\n\t\t\t\t<div class=\"elementor-widget-container\">\n\t\t\t<div id=\"eael-post-grid-b487b9e\" class=\"eael-post-grid-container\">\n            <div class=\"eael-post-grid eael-post-appender eael-post-appender-b487b9e eael-post-grid-style-one\" data-layout-mode=\"grid\"><article class=\"eael-grid-post eael-post-grid-column\" data-id=\"8645\">\n        <div class=\"eael-grid-post-holder\">\n            <div class=\"eael-grid-post-holder-inner\"><div class=\"eael-entry-wrapper\"><header class=\"eael-entry-header\"><h2 class=\"eael-entry-title\"><a\n                        class=\"eael-grid-post-link\"\n                        href=\"https:\/\/dnccp.gouv.tg\/dnccp\/documentation\/modeles-de-document\/travaux-modeles-de-document\/dossier-type-de-pre-qualification-togo\/\"\n                        title=\"DOSSIER TYPE DE PRE-QUALIFICATION TOGO\">DOSSIER TYPE DE PRE-QUALIFICATION TOGO<\/a><\/h2><\/header><div class=\"eael-entry-content\">\n                        <div class=\"eael-grid-post-excerpt\"><a\n                            href=\"https:\/\/dnccp.gouv.tg\/dnccp\/documentation\/modeles-de-document\/travaux-modeles-de-document\/dossier-type-de-pre-qualification-togo\/\"\n                            class=\"eael-post-elements-readmore-btn\">T\u00e9l\u00e9chargement<\/a><\/div>\n                    <\/div><div class=\"eael-entry-footer\"><div class=\"eael-author-avatar\"><a href=\"https:\/\/dnccp.gouv.tg\/dnccp\/author\/admina\/\"><\/a><\/div><div class=\"eael-entry-meta\"><span class=\"eael-posted-by\"><a href=\"https:\/\/dnccp.gouv.tg\/dnccp\/author\/admina\/\" title=\"Articles par  \" rel=\"author\"> <\/a><\/span><span class=\"eael-posted-on\"><time datetime=\"1 ao\u00fbt 2024\">1 ao\u00fbt 2024<\/time><\/span><\/div><\/div><\/div><\/div>\n        <\/div>\n    <\/article><article class=\"eael-grid-post eael-post-grid-column\" data-id=\"8643\">\n        <div class=\"eael-grid-post-holder\">\n            <div class=\"eael-grid-post-holder-inner\"><div class=\"eael-entry-wrapper\"><header class=\"eael-entry-header\"><h2 class=\"eael-entry-title\"><a\n                        class=\"eael-grid-post-link\"\n                        href=\"https:\/\/dnccp.gouv.tg\/dnccp\/documentation\/modeles-de-document\/travaux-modeles-de-document\/dtao-travaux-collectivites-territoriales-togo\/\"\n                        title=\"DTAO TRAVAUX COLLECTIVITES TERRITORIALES TOGO\">DTAO TRAVAUX COLLECTIVITES TERRITORIALES TOGO<\/a><\/h2><\/header><div class=\"eael-entry-content\">\n                        <div class=\"eael-grid-post-excerpt\"><a\n                            href=\"https:\/\/dnccp.gouv.tg\/dnccp\/documentation\/modeles-de-document\/travaux-modeles-de-document\/dtao-travaux-collectivites-territoriales-togo\/\"\n                            class=\"eael-post-elements-readmore-btn\">T\u00e9l\u00e9chargement<\/a><\/div>\n                    <\/div><div class=\"eael-entry-footer\"><div class=\"eael-author-avatar\"><a href=\"https:\/\/dnccp.gouv.tg\/dnccp\/author\/admina\/\"><\/a><\/div><div class=\"eael-entry-meta\"><span class=\"eael-posted-by\"><a href=\"https:\/\/dnccp.gouv.tg\/dnccp\/author\/admina\/\" title=\"Articles par  \" rel=\"author\"> <\/a><\/span><span class=\"eael-posted-on\"><time datetime=\"1 ao\u00fbt 2024\">1 ao\u00fbt 2024<\/time><\/span><\/div><\/div><\/div><\/div>\n        <\/div>\n    <\/article><article class=\"eael-grid-post eael-post-grid-column\" data-id=\"8641\">\n        <div class=\"eael-grid-post-holder\">\n            <div class=\"eael-grid-post-holder-inner\"><div class=\"eael-entry-wrapper\"><header class=\"eael-entry-header\"><h2 class=\"eael-entry-title\"><a\n                        class=\"eael-grid-post-link\"\n                        href=\"https:\/\/dnccp.gouv.tg\/dnccp\/documentation\/modeles-de-document\/travaux-modeles-de-document\/dtao-travaux-togo\/\"\n                        title=\"DTAO TRAVAUX TOGO\">DTAO TRAVAUX TOGO<\/a><\/h2><\/header><div class=\"eael-entry-content\">\n                        <div class=\"eael-grid-post-excerpt\"><a\n                            href=\"https:\/\/dnccp.gouv.tg\/dnccp\/documentation\/modeles-de-document\/travaux-modeles-de-document\/dtao-travaux-togo\/\"\n                            class=\"eael-post-elements-readmore-btn\">T\u00e9l\u00e9chargement<\/a><\/div>\n                    <\/div><div class=\"eael-entry-footer\"><div class=\"eael-author-avatar\"><a href=\"https:\/\/dnccp.gouv.tg\/dnccp\/author\/admina\/\"><\/a><\/div><div class=\"eael-entry-meta\"><span class=\"eael-posted-by\"><a href=\"https:\/\/dnccp.gouv.tg\/dnccp\/author\/admina\/\" title=\"Articles par  \" rel=\"author\"> <\/a><\/span><span class=\"eael-posted-on\"><time datetime=\"1 ao\u00fbt 2024\">1 ao\u00fbt 2024<\/time><\/span><\/div><\/div><\/div><\/div>\n        <\/div>\n    <\/article><\/div>\n            <div class=\"clearfix\"><\/div>\n        <\/div>\t\t<\/div>\n\t\t\t\t<\/div>\n\t\t\t\t\t<\/div>\n\t\t\t\t<\/div>\n\t\t\t\t<\/div>\n\t\t","protected":false},"excerpt":{"rendered":"<p>DOSSIER TYPE DE PRE-QUALIFICATION TOGO T\u00e9l\u00e9chargement 1 ao\u00fbt 2024 DTAO TRAVAUX COLLECTIVITES TERRITORIALES TOGO T\u00e9l\u00e9chargement 1 ao\u00fbt 2024 DTAO TRAVAUX<\/p>\n","protected":false},"author":1,"featured_media":0,"parent":0,"menu_order":0,"comment_status":"closed","ping_status":"closed","template":"","meta":{"postBodyMargin":[],"postBodyPadding":[],"postBodyBackground":{"backgroundType":"classic","gradient":""},"footnotes":""},"folder":[],"class_list":["post-8537","page","type-page","status-publish","hentry"],"_links":{"self":[{"href":"https:\/\/dnccp.gouv.tg\/dnccp\/wp-json\/wp\/v2\/pages\/8537"}],"collection":[{"href":"https:\/\/dnccp.gouv.tg\/dnccp\/wp-json\/wp\/v2\/pages"}],"about":[{"href":"https:\/\/dnccp.gouv.tg\/dnccp\/wp-json\/wp\/v2\/types\/page"}],"author":[{"embeddable":true,"href":"https:\/\/dnccp.gouv.tg\/dnccp\/wp-json\/wp\/v2\/users\/1"}],"replies":[{"embeddable":true,"href":"https:\/\/dnccp.gouv.tg\/dnccp\/wp-json\/wp\/v2\/comments?post=8537"}],"version-history":[{"count":7,"href":"https:\/\/dnccp.gouv.tg\/dnccp\/wp-json\/wp\/v2\/pages\/8537\/revisions"}],"predecessor-version":[{"id":8650,"href":"https:\/\/dnccp.gouv.tg\/dnccp\/wp-json\/wp\/v2\/pages\/8537\/revisions\/8650"}],"wp:attachment":[{"href":"https:\/\/dnccp.gouv.tg\/dnccp\/wp-json\/wp\/v2\/media?parent=8537"}],"wp:term":[{"taxonomy":"folder","embeddable":true,"href":"https:\/\/dnccp.gouv.tg\/dnccp\/wp-json\/wp\/v2\/folder?post=8537"}],"curies":[{"name":"wp","href":"https:\/\/api.w.org\/{rel}","templated":true}]}}