{"id":7863,"date":"2024-07-31T01:09:39","date_gmt":"2024-07-31T01:09:39","guid":{"rendered":"https:\/\/dnccp.gouv.tg\/dnccp\/?page_id=7863"},"modified":"2024-08-01T14:39:27","modified_gmt":"2024-08-01T14:39:27","slug":"liste-des-marches","status":"publish","type":"page","link":"https:\/\/dnccp.gouv.tg\/dnccp\/liste-des-marches\/","title":{"rendered":"LISTE DES MARCHES"},"content":{"rendered":"\t\t<div data-elementor-type=\"wp-page\" data-elementor-id=\"7863\" class=\"elementor elementor-7863\">\n\t\t\t\t<div class=\"elementor-element elementor-element-dfd057a e-flex e-con-boxed e-con e-parent\" data-id=\"dfd057a\" data-element_type=\"container\">\n\t\t\t\t\t<div class=\"e-con-inner\">\n\t\t\t\t<div class=\"elementor-element elementor-element-356149f elementor-grid-eael-col-1 elementor-grid-tablet-eael-col-2 elementor-grid-mobile-eael-col-1 elementor-widget elementor-widget-eael-post-grid\" data-id=\"356149f\" data-element_type=\"widget\" data-settings=\"{&quot;eael_post_grid_columns&quot;:&quot;eael-col-1&quot;,&quot;eael_post_grid_columns_tablet&quot;:&quot;eael-col-2&quot;,&quot;eael_post_grid_columns_mobile&quot;:&quot;eael-col-1&quot;}\" data-widget_type=\"eael-post-grid.default\">\n\t\t\t\t<div class=\"elementor-widget-container\">\n\t\t\t<div id=\"eael-post-grid-356149f\" class=\"eael-post-grid-container\">\n            <div class=\"eael-post-grid eael-post-appender eael-post-appender-356149f eael-post-grid-style-one\" data-layout-mode=\"grid\"><article class=\"eael-grid-post eael-post-grid-column\" data-id=\"13338\">\n        <div class=\"eael-grid-post-holder\">\n            <div class=\"eael-grid-post-holder-inner\"><div class=\"eael-entry-wrapper\"><header class=\"eael-entry-header\"><h2 class=\"eael-entry-title\"><a\n                        class=\"eael-grid-post-link\"\n                        href=\"https:\/\/dnccp.gouv.tg\/dnccp\/donnees_sur_les_marches_passes\/liste-des-marches\/fiche-recapitulative-des-informations-essentielles-sur-les-marches-et-avenants-approuves-du-1er-trimestre-2026\/\"\n                        title=\"Fiche R\u00e9capitulative des Informations Essentielles sur les March\u00e9s et Avenants Approuv\u00e9s du 1er Trimestre 2026\">Fiche R\u00e9capitulative des Informations Essentielles sur les March\u00e9s et Avenants Approuv\u00e9s du 1er Trimestre 2026<\/a><\/h2><\/header><div class=\"eael-entry-content\">\n                        <div class=\"eael-grid-post-excerpt\"><p>T\u00e9l\u00e9chargement \u00a0<\/p><\/div>\n                    <\/div><div class=\"eael-entry-footer\"><div class=\"eael-author-avatar\"><a href=\"https:\/\/dnccp.gouv.tg\/dnccp\/author\/admin\/\"><\/a><\/div><div class=\"eael-entry-meta\"><span class=\"eael-posted-by\"><a href=\"https:\/\/dnccp.gouv.tg\/dnccp\/author\/admin\/\" title=\"Articles par DNCCP TOGO\" rel=\"author\">DNCCP TOGO<\/a><\/span><span class=\"eael-posted-on\"><time datetime=\"15 avril 2026\">15 avril 2026<\/time><\/span><\/div><\/div><\/div><\/div>\n        <\/div>\n    <\/article><article class=\"eael-grid-post eael-post-grid-column\" data-id=\"12416\">\n        <div class=\"eael-grid-post-holder\">\n            <div class=\"eael-grid-post-holder-inner\"><div class=\"eael-entry-wrapper\"><header class=\"eael-entry-header\"><h2 class=\"eael-entry-title\"><a\n                        class=\"eael-grid-post-link\"\n                        href=\"https:\/\/dnccp.gouv.tg\/dnccp\/donnees_sur_les_marches_passes\/liste-des-marches\/liste-des-sous-traitances-en-2024\/\"\n                        title=\"Liste des sous-traitances en 2024\">Liste des sous-traitances en 2024<\/a><\/h2><\/header><div class=\"eael-entry-content\">\n                        <div class=\"eael-grid-post-excerpt\"><p>T\u00e9l\u00e9chargement<\/p><\/div>\n                    <\/div><div class=\"eael-entry-footer\"><div class=\"eael-author-avatar\"><a href=\"https:\/\/dnccp.gouv.tg\/dnccp\/author\/admin\/\"><\/a><\/div><div class=\"eael-entry-meta\"><span class=\"eael-posted-by\"><a href=\"https:\/\/dnccp.gouv.tg\/dnccp\/author\/admin\/\" title=\"Articles par DNCCP TOGO\" rel=\"author\">DNCCP TOGO<\/a><\/span><span class=\"eael-posted-on\"><time datetime=\"2 ao\u00fbt 2025\">2 ao\u00fbt 2025<\/time><\/span><\/div><\/div><\/div><\/div>\n        <\/div>\n    <\/article><article class=\"eael-grid-post eael-post-grid-column\" data-id=\"12417\">\n        <div class=\"eael-grid-post-holder\">\n            <div class=\"eael-grid-post-holder-inner\"><div class=\"eael-entry-wrapper\"><header class=\"eael-entry-header\"><h2 class=\"eael-entry-title\"><a\n                        class=\"eael-grid-post-link\"\n                        href=\"https:\/\/dnccp.gouv.tg\/dnccp\/donnees_sur_les_marches_passes\/liste-des-marches\/liste-des-avenants-passes-en-2024\/\"\n                        title=\"Liste des avenants pass\u00e9s en 2024\">Liste des avenants pass\u00e9s en 2024<\/a><\/h2><\/header><div class=\"eael-entry-content\">\n                        <div class=\"eael-grid-post-excerpt\"><p>T\u00e9l\u00e9chargement<\/p><\/div>\n                    <\/div><div class=\"eael-entry-footer\"><div class=\"eael-author-avatar\"><a href=\"https:\/\/dnccp.gouv.tg\/dnccp\/author\/admin\/\"><\/a><\/div><div class=\"eael-entry-meta\"><span class=\"eael-posted-by\"><a href=\"https:\/\/dnccp.gouv.tg\/dnccp\/author\/admin\/\" title=\"Articles par DNCCP TOGO\" rel=\"author\">DNCCP TOGO<\/a><\/span><span class=\"eael-posted-on\"><time datetime=\"2 ao\u00fbt 2025\">2 ao\u00fbt 2025<\/time><\/span><\/div><\/div><\/div><\/div>\n        <\/div>\n    <\/article><article class=\"eael-grid-post eael-post-grid-column\" data-id=\"12415\">\n        <div class=\"eael-grid-post-holder\">\n            <div class=\"eael-grid-post-holder-inner\"><div class=\"eael-entry-wrapper\"><header class=\"eael-entry-header\"><h2 class=\"eael-entry-title\"><a\n                        class=\"eael-grid-post-link\"\n                        href=\"https:\/\/dnccp.gouv.tg\/dnccp\/donnees_sur_les_marches_passes\/liste-des-marches\/liste-des-marches-passes-en-2024\/\"\n                        title=\"Liste des march\u00e9s pass\u00e9s en 2024\">Liste des march\u00e9s pass\u00e9s en 2024<\/a><\/h2><\/header><div class=\"eael-entry-content\">\n                        <div class=\"eael-grid-post-excerpt\"><p>T\u00e9l\u00e9chargement<\/p><\/div>\n                    <\/div><div class=\"eael-entry-footer\"><div class=\"eael-author-avatar\"><a href=\"https:\/\/dnccp.gouv.tg\/dnccp\/author\/admin\/\"><\/a><\/div><div class=\"eael-entry-meta\"><span class=\"eael-posted-by\"><a href=\"https:\/\/dnccp.gouv.tg\/dnccp\/author\/admin\/\" title=\"Articles par DNCCP TOGO\" rel=\"author\">DNCCP TOGO<\/a><\/span><span class=\"eael-posted-on\"><time datetime=\"2 ao\u00fbt 2025\">2 ao\u00fbt 2025<\/time><\/span><\/div><\/div><\/div><\/div>\n        <\/div>\n    <\/article><\/div>\n            <div class=\"clearfix\"><\/div>\n        <\/div>            <div class=\"eael-load-more-button-wrap\">\n                <button class=\"eael-load-more-button\" id=\"eael-load-more-btn-356149f\" data-widget-id=\"356149f\" data-widget=\"356149f\" data-page-id=\"7863\" data-template=\"{&quot;dir&quot;:&quot;lite&quot;,&quot;file_name&quot;:&quot;default.php&quot;,&quot;name&quot;:&quot;Post-Grid&quot;}\" data-class=\"Essential_Addons_Elementor\\Elements\\Post_Grid\" data-layout=\"grid\" data-page=\"1\" data-args=\"orderby=date&amp;order=desc&amp;ignore_sticky_posts=1&amp;post_status=publish&amp;posts_per_page=4&amp;offset=0&amp;post_type=post&amp;tax_query%5B0%5D%5Btaxonomy%5D=category&amp;tax_query%5B0%5D%5Bfield%5D=term_id&amp;tax_query%5B0%5D%5Bterms%5D%5B0%5D=117&amp;tax_query%5Brelation%5D=AND\" data-max-page=\"5\">\n                    <span class=\"eael-btn-loader button__loader\"><\/span>\n                    <span class=\"eael_load_more_text\">Voir plus<\/span>\n                <\/button>\n            <\/div>\n            \t\t<\/div>\n\t\t\t\t<\/div>\n\t\t\t\t\t<\/div>\n\t\t\t\t<\/div>\n\t\t\t\t<\/div>\n\t\t","protected":false},"excerpt":{"rendered":"<p>Liste des march\u00e9s pass\u00e9s en 2016 T\u00e9l\u00e9chargement 1 ao\u00fbt 2024 Liste des march\u00e9s Liste des march\u00e9s pass\u00e9s en 2017 T\u00e9l\u00e9chargement<\/p>\n","protected":false},"author":1,"featured_media":0,"parent":0,"menu_order":0,"comment_status":"closed","ping_status":"closed","template":"","meta":{"postBodyMargin":[],"postBodyPadding":[],"postBodyBackground":{"backgroundType":"classic","gradient":""},"footnotes":""},"folder":[],"class_list":["post-7863","page","type-page","status-publish","hentry"],"_links":{"self":[{"href":"https:\/\/dnccp.gouv.tg\/dnccp\/wp-json\/wp\/v2\/pages\/7863"}],"collection":[{"href":"https:\/\/dnccp.gouv.tg\/dnccp\/wp-json\/wp\/v2\/pages"}],"about":[{"href":"https:\/\/dnccp.gouv.tg\/dnccp\/wp-json\/wp\/v2\/types\/page"}],"author":[{"embeddable":true,"href":"https:\/\/dnccp.gouv.tg\/dnccp\/wp-json\/wp\/v2\/users\/1"}],"replies":[{"embeddable":true,"href":"https:\/\/dnccp.gouv.tg\/dnccp\/wp-json\/wp\/v2\/comments?post=7863"}],"version-history":[{"count":7,"href":"https:\/\/dnccp.gouv.tg\/dnccp\/wp-json\/wp\/v2\/pages\/7863\/revisions"}],"predecessor-version":[{"id":8530,"href":"https:\/\/dnccp.gouv.tg\/dnccp\/wp-json\/wp\/v2\/pages\/7863\/revisions\/8530"}],"wp:attachment":[{"href":"https:\/\/dnccp.gouv.tg\/dnccp\/wp-json\/wp\/v2\/media?parent=7863"}],"wp:term":[{"taxonomy":"folder","embeddable":true,"href":"https:\/\/dnccp.gouv.tg\/dnccp\/wp-json\/wp\/v2\/folder?post=7863"}],"curies":[{"name":"wp","href":"https:\/\/api.w.org\/{rel}","templated":true}]}}