{"id":1714,"date":"2024-07-17T15:04:58","date_gmt":"2024-07-17T15:04:58","guid":{"rendered":"https:\/\/dnccp.gouv.tg\/dnccp\/?page_id=1714"},"modified":"2024-07-31T18:17:19","modified_gmt":"2024-07-31T18:17:19","slug":"avis-d-attribution-provisoire-prestation-intellectuelle","status":"publish","type":"page","link":"https:\/\/dnccp.gouv.tg\/dnccp\/avis-d-attribution-provisoire-prestation-intellectuelle\/","title":{"rendered":"Pr\u00e9station Intellectuelle"},"content":{"rendered":"\t\t<div data-elementor-type=\"wp-page\" data-elementor-id=\"1714\" class=\"elementor elementor-1714\">\n\t\t\t\t<div class=\"elementor-element elementor-element-9302e7b e-con-full e-flex e-con e-parent\" data-id=\"9302e7b\" data-element_type=\"container\">\n\t\t<div class=\"elementor-element elementor-element-aca5ddb e-con-full e-flex e-con e-child\" data-id=\"aca5ddb\" data-element_type=\"container\">\n\t\t\t\t<div class=\"elementor-element elementor-element-36414af elementor-grid-eael-col-1 elementor-grid-tablet-eael-col-2 elementor-grid-mobile-eael-col-1 elementor-widget elementor-widget-eael-post-grid\" data-id=\"36414af\" data-element_type=\"widget\" data-settings=\"{&quot;eael_post_grid_columns&quot;:&quot;eael-col-1&quot;,&quot;eael_post_grid_columns_tablet&quot;:&quot;eael-col-2&quot;,&quot;eael_post_grid_columns_mobile&quot;:&quot;eael-col-1&quot;}\" data-widget_type=\"eael-post-grid.default\">\n\t\t\t\t<div class=\"elementor-widget-container\">\n\t\t\t<div id=\"eael-post-grid-36414af\" class=\"eael-post-grid-container\">\n            <div class=\"eael-post-grid eael-post-appender eael-post-appender-36414af eael-post-grid-style-one\" data-layout-mode=\"grid\"><article class=\"eael-grid-post eael-post-grid-column\" data-id=\"12111\">\n        <div class=\"eael-grid-post-holder\">\n            <div class=\"eael-grid-post-holder-inner\"><div class=\"eael-entry-wrapper\"><header class=\"eael-entry-header\"><h2 class=\"eael-entry-title\"><a\n                        class=\"eael-grid-post-link\"\n                        href=\"https:\/\/dnccp.gouv.tg\/dnccp\/avis-dattribution-provisoire\/prestation-intellectuelle-avis-dattribution-provisoire\/agetur-togo\/\"\n                        title=\"AGETUR-TOGO\">AGETUR-TOGO<\/a><\/h2><\/header><div class=\"eael-entry-content\">\n                        <div class=\"eael-grid-post-excerpt\"><p>Proc\u00e8s verbale d\u2019attribution provisoire AAOI\u00a0 N\u00b0001\/PAD4-KFW\/AGETUR-TOGO\/2024\u00a0le 02 septembre 2024 relatif aux travaux de construction de mairies dans quinze (15) nouvelles<\/p><a\n                            href=\"https:\/\/dnccp.gouv.tg\/dnccp\/avis-dattribution-provisoire\/prestation-intellectuelle-avis-dattribution-provisoire\/agetur-togo\/\"\n                            class=\"eael-post-elements-readmore-btn\">T\u00e9l\u00e9chargement<\/a><\/div>\n                    <\/div><div class=\"eael-entry-footer\"><div class=\"eael-author-avatar\"><a href=\"https:\/\/dnccp.gouv.tg\/dnccp\/author\/admins\/\"><\/a><\/div><div class=\"eael-entry-meta\"><span class=\"eael-posted-by\"><a href=\"https:\/\/dnccp.gouv.tg\/dnccp\/author\/admins\/\" title=\"Articles par  \" rel=\"author\"> <\/a><\/span><span class=\"eael-posted-on\"><time datetime=\"24 f\u00e9vrier 2025\">24 f\u00e9vrier 2025<\/time><\/span><\/div><\/div><\/div><\/div>\n        <\/div>\n    <\/article><article class=\"eael-grid-post eael-post-grid-column\" data-id=\"12079\">\n        <div class=\"eael-grid-post-holder\">\n            <div class=\"eael-grid-post-holder-inner\"><div class=\"eael-entry-wrapper\"><header class=\"eael-entry-header\"><h2 class=\"eael-entry-title\"><a\n                        class=\"eael-grid-post-link\"\n                        href=\"https:\/\/dnccp.gouv.tg\/dnccp\/passations\/avis-generaux\/snpt-4\/\"\n                        title=\"SNPT\">SNPT<\/a><\/h2><\/header><div class=\"eael-entry-content\">\n                        <div class=\"eael-grid-post-excerpt\"><p>R\u00e9sultat d&rsquo;\u00e9valuation de l&rsquo;appel d&rsquo;offres ouvert AOO N\u00b0 04\/SNPT\/PRMP\/DFTC\/2024 relatif \u00e0 la r\u00e9fection des structures m\u00e9tallique des poteaux, fermes et<\/p><a\n                            href=\"https:\/\/dnccp.gouv.tg\/dnccp\/passations\/avis-generaux\/snpt-4\/\"\n                            class=\"eael-post-elements-readmore-btn\">T\u00e9l\u00e9chargement<\/a><\/div>\n                    <\/div><div class=\"eael-entry-footer\"><div class=\"eael-author-avatar\"><a href=\"https:\/\/dnccp.gouv.tg\/dnccp\/author\/admins\/\"><\/a><\/div><div class=\"eael-entry-meta\"><span class=\"eael-posted-by\"><a href=\"https:\/\/dnccp.gouv.tg\/dnccp\/author\/admins\/\" title=\"Articles par  \" rel=\"author\"> <\/a><\/span><span class=\"eael-posted-on\"><time datetime=\"14 f\u00e9vrier 2025\">14 f\u00e9vrier 2025<\/time><\/span><\/div><\/div><\/div><\/div>\n        <\/div>\n    <\/article><article class=\"eael-grid-post eael-post-grid-column\" data-id=\"12081\">\n        <div class=\"eael-grid-post-holder\">\n            <div class=\"eael-grid-post-holder-inner\"><div class=\"eael-entry-wrapper\"><header class=\"eael-entry-header\"><h2 class=\"eael-entry-title\"><a\n                        class=\"eael-grid-post-link\"\n                        href=\"https:\/\/dnccp.gouv.tg\/dnccp\/avis-dattribution-provisoire\/prestation-intellectuelle-avis-dattribution-provisoire\/snpt-3\/\"\n                        title=\"SNPT\">SNPT<\/a><\/h2><\/header><div class=\"eael-entry-content\">\n                        <div class=\"eael-grid-post-excerpt\"><p>R\u00e9sultat d&rsquo;\u00e9valuation de l&rsquo;appel d&rsquo;offres ouvert AOO N\u00b0 03\/SNPT\/PRMP\/DFTC\/2024 relatif \u00e0 la r\u00e9fection des structures m\u00e9talliques de stocks 1 &amp;<\/p><a\n                            href=\"https:\/\/dnccp.gouv.tg\/dnccp\/avis-dattribution-provisoire\/prestation-intellectuelle-avis-dattribution-provisoire\/snpt-3\/\"\n                            class=\"eael-post-elements-readmore-btn\">T\u00e9l\u00e9chargement<\/a><\/div>\n                    <\/div><div class=\"eael-entry-footer\"><div class=\"eael-author-avatar\"><a href=\"https:\/\/dnccp.gouv.tg\/dnccp\/author\/admins\/\"><\/a><\/div><div class=\"eael-entry-meta\"><span class=\"eael-posted-by\"><a href=\"https:\/\/dnccp.gouv.tg\/dnccp\/author\/admins\/\" title=\"Articles par  \" rel=\"author\"> <\/a><\/span><span class=\"eael-posted-on\"><time datetime=\"14 f\u00e9vrier 2025\">14 f\u00e9vrier 2025<\/time><\/span><\/div><\/div><\/div><\/div>\n        <\/div>\n    <\/article><article class=\"eael-grid-post eael-post-grid-column\" data-id=\"12053\">\n        <div class=\"eael-grid-post-holder\">\n            <div class=\"eael-grid-post-holder-inner\"><div class=\"eael-entry-wrapper\"><header class=\"eael-entry-header\"><h2 class=\"eael-entry-title\"><a\n                        class=\"eael-grid-post-link\"\n                        href=\"https:\/\/dnccp.gouv.tg\/dnccp\/avis-dattribution-provisoire\/prestation-intellectuelle-avis-dattribution-provisoire\/odef-5\/\"\n                        title=\"ODEF\">ODEF<\/a><\/h2><\/header><div class=\"eael-entry-content\">\n                        <div class=\"eael-grid-post-excerpt\"><p>Proc\u00e8s verbale d&rsquo;attribution provisoire AOO N\u00b0036\/2024\/MERF-ODEF PRMP\/R4C-Togo relatif aux travaux d&rsquo;am\u00e9nagement hydro agricoles sur la ZAAP de Akagla Kope (AVE).<\/p><a\n                            href=\"https:\/\/dnccp.gouv.tg\/dnccp\/avis-dattribution-provisoire\/prestation-intellectuelle-avis-dattribution-provisoire\/odef-5\/\"\n                            class=\"eael-post-elements-readmore-btn\">T\u00e9l\u00e9chargement<\/a><\/div>\n                    <\/div><div class=\"eael-entry-footer\"><div class=\"eael-author-avatar\"><a href=\"https:\/\/dnccp.gouv.tg\/dnccp\/author\/admins\/\"><\/a><\/div><div class=\"eael-entry-meta\"><span class=\"eael-posted-by\"><a href=\"https:\/\/dnccp.gouv.tg\/dnccp\/author\/admins\/\" title=\"Articles par  \" rel=\"author\"> <\/a><\/span><span class=\"eael-posted-on\"><time datetime=\"13 f\u00e9vrier 2025\">13 f\u00e9vrier 2025<\/time><\/span><\/div><\/div><\/div><\/div>\n        <\/div>\n    <\/article><article class=\"eael-grid-post eael-post-grid-column\" data-id=\"12039\">\n        <div class=\"eael-grid-post-holder\">\n            <div class=\"eael-grid-post-holder-inner\"><div class=\"eael-entry-wrapper\"><header class=\"eael-entry-header\"><h2 class=\"eael-entry-title\"><a\n                        class=\"eael-grid-post-link\"\n                        href=\"https:\/\/dnccp.gouv.tg\/dnccp\/avis-dattribution-provisoire\/prestation-intellectuelle-avis-dattribution-provisoire\/minarm-7\/\"\n                        title=\"MINARM\">MINARM<\/a><\/h2><\/header><div class=\"eael-entry-content\">\n                        <div class=\"eael-grid-post-excerpt\"><p>Attribution provisoire de march\u00e9 N\u00b0 004\/DCR\/MINARM\/PRMP\/2024 relatif \u00e0 la mission de prestation de contr\u00f4le et surveillance des travaux de construction<\/p><a\n                            href=\"https:\/\/dnccp.gouv.tg\/dnccp\/avis-dattribution-provisoire\/prestation-intellectuelle-avis-dattribution-provisoire\/minarm-7\/\"\n                            class=\"eael-post-elements-readmore-btn\">T\u00e9l\u00e9chargement<\/a><\/div>\n                    <\/div><div class=\"eael-entry-footer\"><div class=\"eael-author-avatar\"><a href=\"https:\/\/dnccp.gouv.tg\/dnccp\/author\/admins\/\"><\/a><\/div><div class=\"eael-entry-meta\"><span class=\"eael-posted-by\"><a href=\"https:\/\/dnccp.gouv.tg\/dnccp\/author\/admins\/\" title=\"Articles par  \" rel=\"author\"> <\/a><\/span><span class=\"eael-posted-on\"><time datetime=\"13 f\u00e9vrier 2025\">13 f\u00e9vrier 2025<\/time><\/span><\/div><\/div><\/div><\/div>\n        <\/div>\n    <\/article><article class=\"eael-grid-post eael-post-grid-column\" data-id=\"12023\">\n        <div class=\"eael-grid-post-holder\">\n            <div class=\"eael-grid-post-holder-inner\"><div class=\"eael-entry-wrapper\"><header class=\"eael-entry-header\"><h2 class=\"eael-entry-title\"><a\n                        class=\"eael-grid-post-link\"\n                        href=\"https:\/\/dnccp.gouv.tg\/dnccp\/avis-dattribution-provisoire\/prestation-intellectuelle-avis-dattribution-provisoire\/merf-7\/\"\n                        title=\"MERF\">MERF<\/a><\/h2><\/header><div class=\"eael-entry-content\">\n                        <div class=\"eael-grid-post-excerpt\"><p>Proc\u00e8s verbale d\u2019attribution provisoire AOO N\u00b0036\/2024\/MERF-ODEF PRMP\/R4C-Togo 21 novembre 2024 relatif aux travaux d&rsquo;am\u00e9nagement hydro agricoles sur la ZAAP de<\/p><a\n                            href=\"https:\/\/dnccp.gouv.tg\/dnccp\/avis-dattribution-provisoire\/prestation-intellectuelle-avis-dattribution-provisoire\/merf-7\/\"\n                            class=\"eael-post-elements-readmore-btn\">T\u00e9l\u00e9chargement<\/a><\/div>\n                    <\/div><div class=\"eael-entry-footer\"><div class=\"eael-author-avatar\"><a href=\"https:\/\/dnccp.gouv.tg\/dnccp\/author\/admins\/\"><\/a><\/div><div class=\"eael-entry-meta\"><span class=\"eael-posted-by\"><a href=\"https:\/\/dnccp.gouv.tg\/dnccp\/author\/admins\/\" title=\"Articles par  \" rel=\"author\"> <\/a><\/span><span class=\"eael-posted-on\"><time datetime=\"13 f\u00e9vrier 2025\">13 f\u00e9vrier 2025<\/time><\/span><\/div><\/div><\/div><\/div>\n        <\/div>\n    <\/article><article class=\"eael-grid-post eael-post-grid-column\" data-id=\"12025\">\n        <div class=\"eael-grid-post-holder\">\n            <div class=\"eael-grid-post-holder-inner\"><div class=\"eael-entry-wrapper\"><header class=\"eael-entry-header\"><h2 class=\"eael-entry-title\"><a\n                        class=\"eael-grid-post-link\"\n                        href=\"https:\/\/dnccp.gouv.tg\/dnccp\/avis-dattribution-provisoire\/prestation-intellectuelle-avis-dattribution-provisoire\/epam-3\/\"\n                        title=\"EPAM\">EPAM<\/a><\/h2><\/header><div class=\"eael-entry-content\">\n                        <div class=\"eael-grid-post-excerpt\"><p>Proc\u00e8s verbale d\u2019attribution provisoire AOO N\u00b0001\/2024\/EPAM relatif aux travaux de construction de deux (02) hangars au march\u00e9 de Gbossim\u00e9. T\u00e9l\u00e9chargement<\/p><a\n                            href=\"https:\/\/dnccp.gouv.tg\/dnccp\/avis-dattribution-provisoire\/prestation-intellectuelle-avis-dattribution-provisoire\/epam-3\/\"\n                            class=\"eael-post-elements-readmore-btn\">T\u00e9l\u00e9chargement<\/a><\/div>\n                    <\/div><div class=\"eael-entry-footer\"><div class=\"eael-author-avatar\"><a href=\"https:\/\/dnccp.gouv.tg\/dnccp\/author\/admins\/\"><\/a><\/div><div class=\"eael-entry-meta\"><span class=\"eael-posted-by\"><a href=\"https:\/\/dnccp.gouv.tg\/dnccp\/author\/admins\/\" title=\"Articles par  \" rel=\"author\"> <\/a><\/span><span class=\"eael-posted-on\"><time datetime=\"13 f\u00e9vrier 2025\">13 f\u00e9vrier 2025<\/time><\/span><\/div><\/div><\/div><\/div>\n        <\/div>\n    <\/article><article class=\"eael-grid-post eael-post-grid-column\" data-id=\"12026\">\n        <div class=\"eael-grid-post-holder\">\n            <div class=\"eael-grid-post-holder-inner\"><div class=\"eael-entry-wrapper\"><header class=\"eael-entry-header\"><h2 class=\"eael-entry-title\"><a\n                        class=\"eael-grid-post-link\"\n                        href=\"https:\/\/dnccp.gouv.tg\/dnccp\/avis-dattribution-provisoire\/prestation-intellectuelle-avis-dattribution-provisoire\/epam-2\/\"\n                        title=\"EPAM\">EPAM<\/a><\/h2><\/header><div class=\"eael-entry-content\">\n                        <div class=\"eael-grid-post-excerpt\"><p>Proc\u00e8s verbale d\u2019attribution provisoire AOO N\u00b0001\/2024\/EPAM relatif aux travaux de construction d&rsquo;un immeuble r+1 \u00e0 usage de boutiques avec poteaux<\/p><a\n                            href=\"https:\/\/dnccp.gouv.tg\/dnccp\/avis-dattribution-provisoire\/prestation-intellectuelle-avis-dattribution-provisoire\/epam-2\/\"\n                            class=\"eael-post-elements-readmore-btn\">T\u00e9l\u00e9chargement<\/a><\/div>\n                    <\/div><div class=\"eael-entry-footer\"><div class=\"eael-author-avatar\"><a href=\"https:\/\/dnccp.gouv.tg\/dnccp\/author\/admins\/\"><\/a><\/div><div class=\"eael-entry-meta\"><span class=\"eael-posted-by\"><a href=\"https:\/\/dnccp.gouv.tg\/dnccp\/author\/admins\/\" title=\"Articles par  \" rel=\"author\"> <\/a><\/span><span class=\"eael-posted-on\"><time datetime=\"13 f\u00e9vrier 2025\">13 f\u00e9vrier 2025<\/time><\/span><\/div><\/div><\/div><\/div>\n        <\/div>\n    <\/article><article class=\"eael-grid-post eael-post-grid-column\" data-id=\"11506\">\n        <div class=\"eael-grid-post-holder\">\n            <div class=\"eael-grid-post-holder-inner\"><div class=\"eael-entry-wrapper\"><header class=\"eael-entry-header\"><h2 class=\"eael-entry-title\"><a\n                        class=\"eael-grid-post-link\"\n                        href=\"https:\/\/dnccp.gouv.tg\/dnccp\/avis-dattribution-provisoire\/prestation-intellectuelle-avis-dattribution-provisoire\/11506\/\"\n                        title=\"\"><\/a><\/h2><\/header><div class=\"eael-entry-content\">\n                        <div class=\"eael-grid-post-excerpt\"><p>Proc\u00e8s verbale d&rsquo;attribution provisoire de l\u2019Appel d\u2019Offres international (AOI) N&rsquo;002\/MJL\/CAB\/PRMP\/2024 du 15 avrit2024 du march\u00e9 relatif aux travaux de construction<\/p><a\n                            href=\"https:\/\/dnccp.gouv.tg\/dnccp\/avis-dattribution-provisoire\/prestation-intellectuelle-avis-dattribution-provisoire\/11506\/\"\n                            class=\"eael-post-elements-readmore-btn\">T\u00e9l\u00e9chargement<\/a><\/div>\n                    <\/div><div class=\"eael-entry-footer\"><div class=\"eael-author-avatar\"><a href=\"https:\/\/dnccp.gouv.tg\/dnccp\/author\/admins\/\"><\/a><\/div><div class=\"eael-entry-meta\"><span class=\"eael-posted-by\"><a href=\"https:\/\/dnccp.gouv.tg\/dnccp\/author\/admins\/\" title=\"Articles par  \" rel=\"author\"> <\/a><\/span><span class=\"eael-posted-on\"><time datetime=\"15 novembre 2024\">15 novembre 2024<\/time><\/span><\/div><\/div><\/div><\/div>\n        <\/div>\n    <\/article><article class=\"eael-grid-post eael-post-grid-column\" data-id=\"8333\">\n        <div class=\"eael-grid-post-holder\">\n            <div class=\"eael-grid-post-holder-inner\"><div class=\"eael-entry-wrapper\"><header class=\"eael-entry-header\"><h2 class=\"eael-entry-title\"><a\n                        class=\"eael-grid-post-link\"\n                        href=\"https:\/\/dnccp.gouv.tg\/dnccp\/avis-dattribution-provisoire\/prestation-intellectuelle-avis-dattribution-provisoire\/agence-de-promotion-et-de-developpement-des-agropoles-au-togo\/\"\n                        title=\"AGENCE DE PROMOTION ET DE DEVELOPPEMENT DES AGROPOLES AU TOGO\">AGENCE<\/a><\/h2><\/header><div class=\"eael-entry-content\">\n                        <div class=\"eael-grid-post-excerpt\"><p>PROCES VERBAL D\u2019ATTRIBUTION PROVISOIRE\u00a0relatif aux travaux de construction des centres de transformation agricoles (CTA).<\/p><a\n                            href=\"https:\/\/dnccp.gouv.tg\/dnccp\/avis-dattribution-provisoire\/prestation-intellectuelle-avis-dattribution-provisoire\/agence-de-promotion-et-de-developpement-des-agropoles-au-togo\/\"\n                            class=\"eael-post-elements-readmore-btn\">T\u00e9l\u00e9chargement<\/a><\/div>\n                    <\/div><div class=\"eael-entry-footer\"><div class=\"eael-author-avatar\"><a href=\"https:\/\/dnccp.gouv.tg\/dnccp\/author\/admina\/\"><\/a><\/div><div class=\"eael-entry-meta\"><span class=\"eael-posted-by\"><a href=\"https:\/\/dnccp.gouv.tg\/dnccp\/author\/admina\/\" title=\"Articles par  \" rel=\"author\"> <\/a><\/span><span class=\"eael-posted-on\"><time datetime=\"31 juillet 2024\">31 juillet 2024<\/time><\/span><\/div><\/div><\/div><\/div>\n        <\/div>\n    <\/article><article class=\"eael-grid-post eael-post-grid-column\" data-id=\"8331\">\n        <div class=\"eael-grid-post-holder\">\n            <div class=\"eael-grid-post-holder-inner\"><div class=\"eael-entry-wrapper\"><header class=\"eael-entry-header\"><h2 class=\"eael-entry-title\"><a\n                        class=\"eael-grid-post-link\"\n                        href=\"https:\/\/dnccp.gouv.tg\/dnccp\/avis-dattribution-provisoire\/prestation-intellectuelle-avis-dattribution-provisoire\/mdaus-2\/\"\n                        title=\"MDAUS\">MDAUS<\/a><\/h2><\/header><div class=\"eael-entry-content\">\n                        <div class=\"eael-grid-post-excerpt\"><p>Avis d&rsquo;attribution provisoire de l&rsquo;Appel \u00e0 Manifestation d&rsquo;Int\u00earet International (AMII)\u00a0N\u00b0001\/2022\/MDAUS\/PRMP\/SSEQCU du 04 aout 2022 relatif\u00a0 \u00e0 la\u00a0s\u00e9lection d\u2019un cabinet pour<\/p><a\n                            href=\"https:\/\/dnccp.gouv.tg\/dnccp\/avis-dattribution-provisoire\/prestation-intellectuelle-avis-dattribution-provisoire\/mdaus-2\/\"\n                            class=\"eael-post-elements-readmore-btn\">T\u00e9l\u00e9chargement<\/a><\/div>\n                    <\/div><div class=\"eael-entry-footer\"><div class=\"eael-author-avatar\"><a href=\"https:\/\/dnccp.gouv.tg\/dnccp\/author\/admina\/\"><\/a><\/div><div class=\"eael-entry-meta\"><span class=\"eael-posted-by\"><a href=\"https:\/\/dnccp.gouv.tg\/dnccp\/author\/admina\/\" title=\"Articles par  \" rel=\"author\"> <\/a><\/span><span class=\"eael-posted-on\"><time datetime=\"31 juillet 2024\">31 juillet 2024<\/time><\/span><\/div><\/div><\/div><\/div>\n        <\/div>\n    <\/article><article class=\"eael-grid-post eael-post-grid-column\" data-id=\"8317\">\n        <div class=\"eael-grid-post-holder\">\n            <div class=\"eael-grid-post-holder-inner\"><div class=\"eael-entry-wrapper\"><header class=\"eael-entry-header\"><h2 class=\"eael-entry-title\"><a\n                        class=\"eael-grid-post-link\"\n                        href=\"https:\/\/dnccp.gouv.tg\/dnccp\/avis-dattribution-provisoire\/prestation-intellectuelle-avis-dattribution-provisoire\/sp-eau-5\/\"\n                        title=\"SP-EAU\">SP-EAU<\/a><\/h2><\/header><div class=\"eael-entry-content\">\n                        <div class=\"eael-grid-post-excerpt\"><p>Avis d&rsquo;attribution provisoire de l&rsquo;Appel d&rsquo;Offre\u00a0relatif\u00a0\u00a0au\u00a0Recrutement d\u2019un consultant pour la mission d&rsquo;appui au d\u00e9veloppement des conditions d&rsquo;efficience \u00e9nerg\u00e9tique sur les<\/p><a\n                            href=\"https:\/\/dnccp.gouv.tg\/dnccp\/avis-dattribution-provisoire\/prestation-intellectuelle-avis-dattribution-provisoire\/sp-eau-5\/\"\n                            class=\"eael-post-elements-readmore-btn\">T\u00e9l\u00e9chargement<\/a><\/div>\n                    <\/div><div class=\"eael-entry-footer\"><div class=\"eael-author-avatar\"><a href=\"https:\/\/dnccp.gouv.tg\/dnccp\/author\/admina\/\"><\/a><\/div><div class=\"eael-entry-meta\"><span class=\"eael-posted-by\"><a href=\"https:\/\/dnccp.gouv.tg\/dnccp\/author\/admina\/\" title=\"Articles par  \" rel=\"author\"> <\/a><\/span><span class=\"eael-posted-on\"><time datetime=\"31 juillet 2024\">31 juillet 2024<\/time><\/span><\/div><\/div><\/div><\/div>\n        <\/div>\n    <\/article><article class=\"eael-grid-post eael-post-grid-column\" data-id=\"8315\">\n        <div class=\"eael-grid-post-holder\">\n            <div class=\"eael-grid-post-holder-inner\"><div class=\"eael-entry-wrapper\"><header class=\"eael-entry-header\"><h2 class=\"eael-entry-title\"><a\n                        class=\"eael-grid-post-link\"\n                        href=\"https:\/\/dnccp.gouv.tg\/dnccp\/avis-dattribution-provisoire\/prestation-intellectuelle-avis-dattribution-provisoire\/mdaus\/\"\n                        title=\"MDAUS\">MDAUS<\/a><\/h2><\/header><div class=\"eael-entry-content\">\n                        <div class=\"eael-grid-post-excerpt\"><p>R\u00e9sultat de l&rsquo;\u00e9valuation de L&rsquo;AMI N\u00b0 001\/2023\/MDAUS\/PRMP\/SSEQCU du 09 janvier 2023 r\u00e9latif \u00e0 la s\u00e9lection d&rsquo;un cabinet pour l&rsquo;\u00e9valuation des<\/p><a\n                            href=\"https:\/\/dnccp.gouv.tg\/dnccp\/avis-dattribution-provisoire\/prestation-intellectuelle-avis-dattribution-provisoire\/mdaus\/\"\n                            class=\"eael-post-elements-readmore-btn\">T\u00e9l\u00e9chargement<\/a><\/div>\n                    <\/div><div class=\"eael-entry-footer\"><div class=\"eael-author-avatar\"><a href=\"https:\/\/dnccp.gouv.tg\/dnccp\/author\/admina\/\"><\/a><\/div><div class=\"eael-entry-meta\"><span class=\"eael-posted-by\"><a href=\"https:\/\/dnccp.gouv.tg\/dnccp\/author\/admina\/\" title=\"Articles par  \" rel=\"author\"> <\/a><\/span><span class=\"eael-posted-on\"><time datetime=\"31 juillet 2024\">31 juillet 2024<\/time><\/span><\/div><\/div><\/div><\/div>\n        <\/div>\n    <\/article><article class=\"eael-grid-post eael-post-grid-column\" data-id=\"8310\">\n        <div class=\"eael-grid-post-holder\">\n            <div class=\"eael-grid-post-holder-inner\"><div class=\"eael-entry-wrapper\"><header class=\"eael-entry-header\"><h2 class=\"eael-entry-title\"><a\n                        class=\"eael-grid-post-link\"\n                        href=\"https:\/\/dnccp.gouv.tg\/dnccp\/avis-dattribution-provisoire\/prestation-intellectuelle-avis-dattribution-provisoire\/arcep-3\/\"\n                        title=\"ARCEP\">ARCEP<\/a><\/h2><\/header><div class=\"eael-entry-content\">\n                        <div class=\"eael-grid-post-excerpt\"><p>Avis d&rsquo;attribution provisoire de l&rsquo;Appel d&rsquo;Offres Restreint\u00a0 (AOR) N\u00b0004\/ARCEP\/PRMP\/2023\u00a0du 04 Juillet 2023\u00a0de ARCEP\u00a0relatif \u00e0 la mise en place d&rsquo;une plateforme<\/p><a\n                            href=\"https:\/\/dnccp.gouv.tg\/dnccp\/avis-dattribution-provisoire\/prestation-intellectuelle-avis-dattribution-provisoire\/arcep-3\/\"\n                            class=\"eael-post-elements-readmore-btn\">T\u00e9l\u00e9chargement<\/a><\/div>\n                    <\/div><div class=\"eael-entry-footer\"><div class=\"eael-author-avatar\"><a href=\"https:\/\/dnccp.gouv.tg\/dnccp\/author\/admina\/\"><\/a><\/div><div class=\"eael-entry-meta\"><span class=\"eael-posted-by\"><a href=\"https:\/\/dnccp.gouv.tg\/dnccp\/author\/admina\/\" title=\"Articles par  \" rel=\"author\"> <\/a><\/span><span class=\"eael-posted-on\"><time datetime=\"31 juillet 2024\">31 juillet 2024<\/time><\/span><\/div><\/div><\/div><\/div>\n        <\/div>\n    <\/article><\/div>\n            <div class=\"clearfix\"><\/div>\n        <\/div>\t\t<\/div>\n\t\t\t\t<\/div>\n\t\t\t\t<\/div>\n\t\t\t\t<\/div>\n\t\t\t\t<\/div>\n\t\t","protected":false},"excerpt":{"rendered":"<p>SP-EAU Avis d&rsquo;attribution provisoire de l&rsquo;Appel d&rsquo;Offre\u00a0relatif\u00a0\u00a0au\u00a0Recrutement d\u2019un consultant pour la mission d&rsquo;appui au d\u00e9veloppement des conditions d&rsquo;efficience \u00e9nerg\u00e9tique sur<\/p>\n","protected":false},"author":1,"featured_media":0,"parent":0,"menu_order":0,"comment_status":"closed","ping_status":"closed","template":"","meta":{"postBodyMargin":[],"postBodyPadding":[],"postBodyBackground":{"backgroundType":"classic","gradient":""},"footnotes":""},"folder":[],"class_list":["post-1714","page","type-page","status-publish","hentry"],"_links":{"self":[{"href":"https:\/\/dnccp.gouv.tg\/dnccp\/wp-json\/wp\/v2\/pages\/1714"}],"collection":[{"href":"https:\/\/dnccp.gouv.tg\/dnccp\/wp-json\/wp\/v2\/pages"}],"about":[{"href":"https:\/\/dnccp.gouv.tg\/dnccp\/wp-json\/wp\/v2\/types\/page"}],"author":[{"embeddable":true,"href":"https:\/\/dnccp.gouv.tg\/dnccp\/wp-json\/wp\/v2\/users\/1"}],"replies":[{"embeddable":true,"href":"https:\/\/dnccp.gouv.tg\/dnccp\/wp-json\/wp\/v2\/comments?post=1714"}],"version-history":[{"count":35,"href":"https:\/\/dnccp.gouv.tg\/dnccp\/wp-json\/wp\/v2\/pages\/1714\/revisions"}],"predecessor-version":[{"id":8330,"href":"https:\/\/dnccp.gouv.tg\/dnccp\/wp-json\/wp\/v2\/pages\/1714\/revisions\/8330"}],"wp:attachment":[{"href":"https:\/\/dnccp.gouv.tg\/dnccp\/wp-json\/wp\/v2\/media?parent=1714"}],"wp:term":[{"taxonomy":"folder","embeddable":true,"href":"https:\/\/dnccp.gouv.tg\/dnccp\/wp-json\/wp\/v2\/folder?post=1714"}],"curies":[{"name":"wp","href":"https:\/\/api.w.org\/{rel}","templated":true}]}}