{"id":1705,"date":"2024-07-17T14:50:51","date_gmt":"2024-07-17T14:50:51","guid":{"rendered":"https:\/\/dnccp.gouv.tg\/dnccp\/?page_id=1705"},"modified":"2024-07-31T18:30:52","modified_gmt":"2024-07-31T18:30:52","slug":"avis-d-attribution-provisoire-f-t-sc","status":"publish","type":"page","link":"https:\/\/dnccp.gouv.tg\/dnccp\/avis-d-attribution-provisoire-f-t-sc\/","title":{"rendered":"F\/T\/SC"},"content":{"rendered":"\t\t<div data-elementor-type=\"wp-page\" data-elementor-id=\"1705\" class=\"elementor elementor-1705\">\n\t\t\t\t<div class=\"elementor-element elementor-element-9302e7b e-con-full e-flex e-con e-parent\" data-id=\"9302e7b\" data-element_type=\"container\">\n\t\t<div class=\"elementor-element elementor-element-aca5ddb e-con-full e-flex e-con e-child\" data-id=\"aca5ddb\" data-element_type=\"container\">\n\t\t\t\t<div class=\"elementor-element elementor-element-411a237 elementor-grid-eael-col-1 elementor-grid-tablet-eael-col-2 elementor-grid-mobile-eael-col-1 elementor-widget elementor-widget-eael-post-grid\" data-id=\"411a237\" data-element_type=\"widget\" data-settings=\"{&quot;eael_post_grid_columns&quot;:&quot;eael-col-1&quot;,&quot;eael_post_grid_columns_tablet&quot;:&quot;eael-col-2&quot;,&quot;eael_post_grid_columns_mobile&quot;:&quot;eael-col-1&quot;}\" data-widget_type=\"eael-post-grid.default\">\n\t\t\t\t<div class=\"elementor-widget-container\">\n\t\t\t<div id=\"eael-post-grid-411a237\" class=\"eael-post-grid-container\">\n            <div class=\"eael-post-grid eael-post-appender eael-post-appender-411a237 eael-post-grid-style-one\" data-layout-mode=\"grid\"><article class=\"eael-grid-post eael-post-grid-column\" data-id=\"13041\">\n        <div class=\"eael-grid-post-holder\">\n            <div class=\"eael-grid-post-holder-inner\"><div class=\"eael-entry-wrapper\"><header class=\"eael-entry-header\"><h2 class=\"eael-entry-title\"><a\n                        class=\"eael-grid-post-link\"\n                        href=\"https:\/\/dnccp.gouv.tg\/dnccp\/avis-dattribution-provisoire\/conseil-regional-savanes\/\"\n                        title=\"Conseil Regional Savanes\">Conseil Regional Savanes<\/a><\/h2><\/header><div class=\"eael-entry-content\">\n                        <div class=\"eael-grid-post-excerpt\"><p>PROCES VERBAL DE L&rsquo;ATTRIBUTION PROVISOIRE DE L&rsquo;APPEL D&rsquo;OFFRE N\u00b0002\/2025\/MATGLAC\/RS\/CRS RELATIVE AUX TRAVAUX DE CONSTRUCTION DES MATERNITES T\u00e9l\u00e9chargement<\/p><a\n                            href=\"https:\/\/dnccp.gouv.tg\/dnccp\/avis-dattribution-provisoire\/conseil-regional-savanes\/\"\n                            class=\"eael-post-elements-readmore-btn\">T\u00e9l\u00e9chargement<\/a><\/div>\n                    <\/div><div class=\"eael-entry-footer\"><div class=\"eael-author-avatar\"><a href=\"https:\/\/dnccp.gouv.tg\/dnccp\/author\/admin\/\"><\/a><\/div><div class=\"eael-entry-meta\"><span class=\"eael-posted-by\"><a href=\"https:\/\/dnccp.gouv.tg\/dnccp\/author\/admin\/\" title=\"Articles par DNCCP TOGO\" rel=\"author\">DNCCP TOGO<\/a><\/span><span class=\"eael-posted-on\"><time datetime=\"16 mars 2026\">16 mars 2026<\/time><\/span><\/div><\/div><\/div><\/div>\n        <\/div>\n    <\/article><article class=\"eael-grid-post eael-post-grid-column\" data-id=\"12950\">\n        <div class=\"eael-grid-post-holder\">\n            <div class=\"eael-grid-post-holder-inner\"><div class=\"eael-entry-wrapper\"><header class=\"eael-entry-header\"><h2 class=\"eael-entry-title\"><a\n                        class=\"eael-grid-post-link\"\n                        href=\"https:\/\/dnccp.gouv.tg\/dnccp\/avis-dattribution-provisoire\/f-t-sc-avis-dattribution-provisoire\/pv-dattribution-daor-n007-2024-mdpr-prmp-dpr-du-09-juillet-2024\/\"\n                        title=\"PV d&rsquo;attribution (DAOR N\u00b0007-2024-MDPR-PRMP-DPR du 09 juillet 2024)\">PV d&rsquo;attribution (DAOR N\u00b0007-2024-MDPR-PRMP-DPR du 09 juillet 2024)<\/a><\/h2><\/header><div class=\"eael-entry-content\">\n                        <div class=\"eael-grid-post-excerpt\"><p>PV d&rsquo;attribution du DAOR T\u00e9l\u00e9chargement<\/p><a\n                            href=\"https:\/\/dnccp.gouv.tg\/dnccp\/avis-dattribution-provisoire\/f-t-sc-avis-dattribution-provisoire\/pv-dattribution-daor-n007-2024-mdpr-prmp-dpr-du-09-juillet-2024\/\"\n                            class=\"eael-post-elements-readmore-btn\">T\u00e9l\u00e9chargement<\/a><\/div>\n                    <\/div><div class=\"eael-entry-footer\"><div class=\"eael-author-avatar\"><a href=\"https:\/\/dnccp.gouv.tg\/dnccp\/author\/admin\/\"><\/a><\/div><div class=\"eael-entry-meta\"><span class=\"eael-posted-by\"><a href=\"https:\/\/dnccp.gouv.tg\/dnccp\/author\/admin\/\" title=\"Articles par DNCCP TOGO\" rel=\"author\">DNCCP TOGO<\/a><\/span><span class=\"eael-posted-on\"><time datetime=\"3 mars 2026\">3 mars 2026<\/time><\/span><\/div><\/div><\/div><\/div>\n        <\/div>\n    <\/article><article class=\"eael-grid-post eael-post-grid-column\" data-id=\"12349\">\n        <div class=\"eael-grid-post-holder\">\n            <div class=\"eael-grid-post-holder-inner\"><div class=\"eael-entry-wrapper\"><header class=\"eael-entry-header\"><h2 class=\"eael-entry-title\"><a\n                        class=\"eael-grid-post-link\"\n                        href=\"https:\/\/dnccp.gouv.tg\/dnccp\/avis-dattribution-provisoire\/f-t-sc-avis-dattribution-provisoire\/conseil-national-des-chargeurs-du-togo-cnct\/\"\n                        title=\"CONSEIL NATIONAL DES CHARGEURS DU TOGO (CNCT)\">CONSEIL NATIONAL DES CHARGEURS DU TOGO (CNCT)<\/a><\/h2><\/header><div class=\"eael-entry-content\">\n                        <div class=\"eael-grid-post-excerpt\"><p>AVIS D\u2019ATTRIBUTION PROVISOIRE&#8212;\/FOURNITURE ET INSTALLATION DES LAMPADAIRES SOLAIRES T\u00e9l\u00e9chargement<\/p><a\n                            href=\"https:\/\/dnccp.gouv.tg\/dnccp\/avis-dattribution-provisoire\/f-t-sc-avis-dattribution-provisoire\/conseil-national-des-chargeurs-du-togo-cnct\/\"\n                            class=\"eael-post-elements-readmore-btn\">T\u00e9l\u00e9chargement<\/a><\/div>\n                    <\/div><div class=\"eael-entry-footer\"><div class=\"eael-author-avatar\"><a href=\"https:\/\/dnccp.gouv.tg\/dnccp\/author\/admin\/\"><\/a><\/div><div class=\"eael-entry-meta\"><span class=\"eael-posted-by\"><a href=\"https:\/\/dnccp.gouv.tg\/dnccp\/author\/admin\/\" title=\"Articles par DNCCP TOGO\" rel=\"author\">DNCCP TOGO<\/a><\/span><span class=\"eael-posted-on\"><time datetime=\"19 mai 2025\">19 mai 2025<\/time><\/span><\/div><\/div><\/div><\/div>\n        <\/div>\n    <\/article><article class=\"eael-grid-post eael-post-grid-column\" data-id=\"12215\">\n        <div class=\"eael-grid-post-holder\">\n            <div class=\"eael-grid-post-holder-inner\"><div class=\"eael-entry-wrapper\"><header class=\"eael-entry-header\"><h2 class=\"eael-entry-title\"><a\n                        class=\"eael-grid-post-link\"\n                        href=\"https:\/\/dnccp.gouv.tg\/dnccp\/avis-dattribution-provisoire\/f-t-sc-avis-dattribution-provisoire\/ministere-de-leau-et-de-lassainissement-2\/\"\n                        title=\"Minist\u00e8re de l&rsquo;Eau et de l&rsquo;Assainissement\">Minist\u00e8re de l&rsquo;Eau et de l&rsquo;Assainissement<\/a><\/h2><\/header><div class=\"eael-entry-content\">\n                        <div class=\"eael-grid-post-excerpt\"><p>Proc\u00e8s verbal d&rsquo;attribution provisoire MEA_\/R\u00e9sultat de l&rsquo;\u00e9valuation des offres techniques et financi\u00e8res relatives \u00e0 l&rsquo;acquisition de produits divers pour forages<\/p><a\n                            href=\"https:\/\/dnccp.gouv.tg\/dnccp\/avis-dattribution-provisoire\/f-t-sc-avis-dattribution-provisoire\/ministere-de-leau-et-de-lassainissement-2\/\"\n                            class=\"eael-post-elements-readmore-btn\">T\u00e9l\u00e9chargement<\/a><\/div>\n                    <\/div><div class=\"eael-entry-footer\"><div class=\"eael-author-avatar\"><a href=\"https:\/\/dnccp.gouv.tg\/dnccp\/author\/admin\/\"><\/a><\/div><div class=\"eael-entry-meta\"><span class=\"eael-posted-by\"><a href=\"https:\/\/dnccp.gouv.tg\/dnccp\/author\/admin\/\" title=\"Articles par DNCCP TOGO\" rel=\"author\">DNCCP TOGO<\/a><\/span><span class=\"eael-posted-on\"><time datetime=\"13 mai 2025\">13 mai 2025<\/time><\/span><\/div><\/div><\/div><\/div>\n        <\/div>\n    <\/article><article class=\"eael-grid-post eael-post-grid-column\" data-id=\"12213\">\n        <div class=\"eael-grid-post-holder\">\n            <div class=\"eael-grid-post-holder-inner\"><div class=\"eael-entry-wrapper\"><header class=\"eael-entry-header\"><h2 class=\"eael-entry-title\"><a\n                        class=\"eael-grid-post-link\"\n                        href=\"https:\/\/dnccp.gouv.tg\/dnccp\/avis-dattribution-provisoire\/f-t-sc-avis-dattribution-provisoire\/ministere-de-leau-et-de-lassainissement\/\"\n                        title=\"Minist\u00e8re de l&rsquo;Eau et de l&rsquo;Assainissement\">Minist\u00e8re de l&rsquo;Eau et de l&rsquo;Assainissement<\/a><\/h2><\/header><div class=\"eael-entry-content\">\n                        <div class=\"eael-grid-post-excerpt\"><p>Proc\u00e8s verbal d&rsquo;attribution provisoire MEA_\/R\u00e9sultat de l&rsquo;\u00e9valuation des offres techniques et financi\u00e8res pour l&rsquo;acquisition des pi\u00e8ces de rechange T\u00e9l\u00e9chargement<\/p><a\n                            href=\"https:\/\/dnccp.gouv.tg\/dnccp\/avis-dattribution-provisoire\/f-t-sc-avis-dattribution-provisoire\/ministere-de-leau-et-de-lassainissement\/\"\n                            class=\"eael-post-elements-readmore-btn\">T\u00e9l\u00e9chargement<\/a><\/div>\n                    <\/div><div class=\"eael-entry-footer\"><div class=\"eael-author-avatar\"><a href=\"https:\/\/dnccp.gouv.tg\/dnccp\/author\/admin\/\"><\/a><\/div><div class=\"eael-entry-meta\"><span class=\"eael-posted-by\"><a href=\"https:\/\/dnccp.gouv.tg\/dnccp\/author\/admin\/\" title=\"Articles par DNCCP TOGO\" rel=\"author\">DNCCP TOGO<\/a><\/span><span class=\"eael-posted-on\"><time datetime=\"13 mai 2025\">13 mai 2025<\/time><\/span><\/div><\/div><\/div><\/div>\n        <\/div>\n    <\/article><article class=\"eael-grid-post eael-post-grid-column\" data-id=\"12207\">\n        <div class=\"eael-grid-post-holder\">\n            <div class=\"eael-grid-post-holder-inner\"><div class=\"eael-entry-wrapper\"><header class=\"eael-entry-header\"><h2 class=\"eael-entry-title\"><a\n                        class=\"eael-grid-post-link\"\n                        href=\"https:\/\/dnccp.gouv.tg\/dnccp\/avis-dattribution-provisoire\/f-t-sc-avis-dattribution-provisoire\/ministere-des-transports-routiers-aeriens-et-ferroviaires-2\/\"\n                        title=\"Minist\u00e8re des Transports Routiers, A\u00e9riens et ferroviaires\">Minist\u00e8re des Transports Routiers, A\u00e9riens et ferroviaires<\/a><\/h2><\/header><div class=\"eael-entry-content\">\n                        <div class=\"eael-grid-post-excerpt\"><p>Proc\u00e8s verbale d&rsquo;attribution provisoire MTRAF_\/R\u00e9sultat de l&rsquo;\u00e9valuation des offres_\/DAO construction 4 centres m\u00e9t\u00e9o T\u00e9l\u00e9chargement<\/p><a\n                            href=\"https:\/\/dnccp.gouv.tg\/dnccp\/avis-dattribution-provisoire\/f-t-sc-avis-dattribution-provisoire\/ministere-des-transports-routiers-aeriens-et-ferroviaires-2\/\"\n                            class=\"eael-post-elements-readmore-btn\">T\u00e9l\u00e9chargement<\/a><\/div>\n                    <\/div><div class=\"eael-entry-footer\"><div class=\"eael-author-avatar\"><a href=\"https:\/\/dnccp.gouv.tg\/dnccp\/author\/admin\/\"><\/a><\/div><div class=\"eael-entry-meta\"><span class=\"eael-posted-by\"><a href=\"https:\/\/dnccp.gouv.tg\/dnccp\/author\/admin\/\" title=\"Articles par DNCCP TOGO\" rel=\"author\">DNCCP TOGO<\/a><\/span><span class=\"eael-posted-on\"><time datetime=\"13 mai 2025\">13 mai 2025<\/time><\/span><\/div><\/div><\/div><\/div>\n        <\/div>\n    <\/article><article class=\"eael-grid-post eael-post-grid-column\" data-id=\"12080\">\n        <div class=\"eael-grid-post-holder\">\n            <div class=\"eael-grid-post-holder-inner\"><div class=\"eael-entry-wrapper\"><header class=\"eael-entry-header\"><h2 class=\"eael-entry-title\"><a\n                        class=\"eael-grid-post-link\"\n                        href=\"https:\/\/dnccp.gouv.tg\/dnccp\/avis-dattribution-provisoire\/f-t-sc-avis-dattribution-provisoire\/crt-3\/\"\n                        title=\"CRT\">CRT<\/a><\/h2><\/header><div class=\"eael-entry-content\">\n                        <div class=\"eael-grid-post-excerpt\"><p>Proc\u00e8s verbale d&rsquo;attribution provisoire AOO N\u00b0 38\/FS\/2023\/CRT\/DG du 12 f\u00e9vrier 2024 relatif \u00e0 l&rsquo;acquisition de mat\u00e9riels et mobiliers de bureau<\/p><a\n                            href=\"https:\/\/dnccp.gouv.tg\/dnccp\/avis-dattribution-provisoire\/f-t-sc-avis-dattribution-provisoire\/crt-3\/\"\n                            class=\"eael-post-elements-readmore-btn\">T\u00e9l\u00e9chargement<\/a><\/div>\n                    <\/div><div class=\"eael-entry-footer\"><div class=\"eael-author-avatar\"><a href=\"https:\/\/dnccp.gouv.tg\/dnccp\/author\/admins\/\"><\/a><\/div><div class=\"eael-entry-meta\"><span class=\"eael-posted-by\"><a href=\"https:\/\/dnccp.gouv.tg\/dnccp\/author\/admins\/\" title=\"Articles par  \" rel=\"author\"> <\/a><\/span><span class=\"eael-posted-on\"><time datetime=\"14 f\u00e9vrier 2025\">14 f\u00e9vrier 2025<\/time><\/span><\/div><\/div><\/div><\/div>\n        <\/div>\n    <\/article><article class=\"eael-grid-post eael-post-grid-column\" data-id=\"11269\">\n        <div class=\"eael-grid-post-holder\">\n            <div class=\"eael-grid-post-holder-inner\"><div class=\"eael-entry-wrapper\"><header class=\"eael-entry-header\"><h2 class=\"eael-entry-title\"><a\n                        class=\"eael-grid-post-link\"\n                        href=\"https:\/\/dnccp.gouv.tg\/dnccp\/avis-dattribution-provisoire\/f-t-sc-avis-dattribution-provisoire\/mepst-3\/\"\n                        title=\"MEPST\">MEPST<\/a><\/h2><\/header><div class=\"eael-entry-content\">\n                        <div class=\"eael-grid-post-excerpt\"><p>Proc\u00e8s-verbal d\u2019attribution provisoire de l\u2019Appel d\u2019Offres Ouvert (AOO)\u00a0N\u00b0005\/2024\/MEPST\/CAB\/DAF\/PRMP\u00a0du 15 Juillet 2024 relatif \u00e0 l\u2019acquisition de 50 kits de jeux, et<\/p><a\n                            href=\"https:\/\/dnccp.gouv.tg\/dnccp\/avis-dattribution-provisoire\/f-t-sc-avis-dattribution-provisoire\/mepst-3\/\"\n                            class=\"eael-post-elements-readmore-btn\">T\u00e9l\u00e9chargement<\/a><\/div>\n                    <\/div><div class=\"eael-entry-footer\"><div class=\"eael-author-avatar\"><a href=\"https:\/\/dnccp.gouv.tg\/dnccp\/author\/admins\/\"><\/a><\/div><div class=\"eael-entry-meta\"><span class=\"eael-posted-by\"><a href=\"https:\/\/dnccp.gouv.tg\/dnccp\/author\/admins\/\" title=\"Articles par  \" rel=\"author\"> <\/a><\/span><span class=\"eael-posted-on\"><time datetime=\"23 septembre 2024\">23 septembre 2024<\/time><\/span><\/div><\/div><\/div><\/div>\n        <\/div>\n    <\/article><article class=\"eael-grid-post eael-post-grid-column\" data-id=\"8962\">\n        <div class=\"eael-grid-post-holder\">\n            <div class=\"eael-grid-post-holder-inner\"><div class=\"eael-entry-wrapper\"><header class=\"eael-entry-header\"><h2 class=\"eael-entry-title\"><a\n                        class=\"eael-grid-post-link\"\n                        href=\"https:\/\/dnccp.gouv.tg\/dnccp\/avis-dattribution-provisoire\/f-t-sc-avis-dattribution-provisoire\/mshp\/\"\n                        title=\"MSHP\">MSHP<\/a><\/h2><\/header><div class=\"eael-entry-content\">\n                        <div class=\"eael-grid-post-excerpt\"><p>Notification d&rsquo;intention d&rsquo;attributionCF N\u00b0003\/2024\/MSHP\/PRMP\/SG\/UGP-R4SP\/SPMFOURNITURE ET MISE EN SERVICE DE VEHICULE TOUT TERRAIN AU PROFIT DE L&rsquo;UGP-R4SP<\/p><a\n                            href=\"https:\/\/dnccp.gouv.tg\/dnccp\/avis-dattribution-provisoire\/f-t-sc-avis-dattribution-provisoire\/mshp\/\"\n                            class=\"eael-post-elements-readmore-btn\">T\u00e9l\u00e9chargement<\/a><\/div>\n                    <\/div><div class=\"eael-entry-footer\"><div class=\"eael-author-avatar\"><a href=\"https:\/\/dnccp.gouv.tg\/dnccp\/author\/admina\/\"><\/a><\/div><div class=\"eael-entry-meta\"><span class=\"eael-posted-by\"><a href=\"https:\/\/dnccp.gouv.tg\/dnccp\/author\/admina\/\" title=\"Articles par  \" rel=\"author\"> <\/a><\/span><span class=\"eael-posted-on\"><time datetime=\"22 ao\u00fbt 2024\">22 ao\u00fbt 2024<\/time><\/span><\/div><\/div><\/div><\/div>\n        <\/div>\n    <\/article><article class=\"eael-grid-post eael-post-grid-column\" data-id=\"8356\">\n        <div class=\"eael-grid-post-holder\">\n            <div class=\"eael-grid-post-holder-inner\"><div class=\"eael-entry-wrapper\"><header class=\"eael-entry-header\"><h2 class=\"eael-entry-title\"><a\n                        class=\"eael-grid-post-link\"\n                        href=\"https:\/\/dnccp.gouv.tg\/dnccp\/avis-dattribution-provisoire\/f-t-sc-avis-dattribution-provisoire\/compel-2\/\"\n                        title=\"COMPEL\">COMPEL<\/a><\/h2><\/header><div class=\"eael-entry-content\">\n                        <div class=\"eael-grid-post-excerpt\"><p>Avis d&rsquo;attribution provisoire de l&rsquo;Appel d&rsquo;Offres Ouvert N\u00b0AO\/68\/2023\/DAO\/CPL\/F\/RI\u00a0\u00a0relatif \u00e0 la fourniture de tuyaut\u00e9ries, robinetteries et acc\u00e9ssoires pour conversion BAC T1001.<\/p><a\n                            href=\"https:\/\/dnccp.gouv.tg\/dnccp\/avis-dattribution-provisoire\/f-t-sc-avis-dattribution-provisoire\/compel-2\/\"\n                            class=\"eael-post-elements-readmore-btn\">T\u00e9l\u00e9chargement<\/a><\/div>\n                    <\/div><div class=\"eael-entry-footer\"><div class=\"eael-author-avatar\"><a href=\"https:\/\/dnccp.gouv.tg\/dnccp\/author\/admina\/\"><\/a><\/div><div class=\"eael-entry-meta\"><span class=\"eael-posted-by\"><a href=\"https:\/\/dnccp.gouv.tg\/dnccp\/author\/admina\/\" title=\"Articles par  \" rel=\"author\"> <\/a><\/span><span class=\"eael-posted-on\"><time datetime=\"31 juillet 2024\">31 juillet 2024<\/time><\/span><\/div><\/div><\/div><\/div>\n        <\/div>\n    <\/article><article class=\"eael-grid-post eael-post-grid-column\" data-id=\"8354\">\n        <div class=\"eael-grid-post-holder\">\n            <div class=\"eael-grid-post-holder-inner\"><div class=\"eael-entry-wrapper\"><header class=\"eael-entry-header\"><h2 class=\"eael-entry-title\"><a\n                        class=\"eael-grid-post-link\"\n                        href=\"https:\/\/dnccp.gouv.tg\/dnccp\/avis-dattribution-provisoire\/f-t-sc-avis-dattribution-provisoire\/chu-so\/\"\n                        title=\"CHU SO\">CHU SO<\/a><\/h2><\/header><div class=\"eael-entry-content\">\n                        <div class=\"eael-grid-post-excerpt\"><p>Avis d&rsquo;attribution provisoire de l&rsquo;Appel d&rsquo;Offres ED\/DRPR N\u00b0016\/2023\/DG-CHU SO\/CGMaP\u00a0du 31 octobre 2023 relatif \u00e0 la fourniture de blouses au CHU<\/p><a\n                            href=\"https:\/\/dnccp.gouv.tg\/dnccp\/avis-dattribution-provisoire\/f-t-sc-avis-dattribution-provisoire\/chu-so\/\"\n                            class=\"eael-post-elements-readmore-btn\">T\u00e9l\u00e9chargement<\/a><\/div>\n                    <\/div><div class=\"eael-entry-footer\"><div class=\"eael-author-avatar\"><a href=\"https:\/\/dnccp.gouv.tg\/dnccp\/author\/admina\/\"><\/a><\/div><div class=\"eael-entry-meta\"><span class=\"eael-posted-by\"><a href=\"https:\/\/dnccp.gouv.tg\/dnccp\/author\/admina\/\" title=\"Articles par  \" rel=\"author\"> <\/a><\/span><span class=\"eael-posted-on\"><time datetime=\"31 juillet 2024\">31 juillet 2024<\/time><\/span><\/div><\/div><\/div><\/div>\n        <\/div>\n    <\/article><article class=\"eael-grid-post eael-post-grid-column\" data-id=\"8352\">\n        <div class=\"eael-grid-post-holder\">\n            <div class=\"eael-grid-post-holder-inner\"><div class=\"eael-entry-wrapper\"><header class=\"eael-entry-header\"><h2 class=\"eael-entry-title\"><a\n                        class=\"eael-grid-post-link\"\n                        href=\"https:\/\/dnccp.gouv.tg\/dnccp\/avis-dattribution-provisoire\/f-t-sc-avis-dattribution-provisoire\/mshpaus\/\"\n                        title=\"MSHPAUS\">MSHPAUS<\/a><\/h2><\/header><div class=\"eael-entry-content\">\n                        <div class=\"eael-grid-post-excerpt\"><p>Avis d&rsquo;attribution provisoire de l&rsquo;Appel d&rsquo;Offres I nternational AOI\u00a0N\u00b0002\/PPM 2023\/MSHPAUS\/CAB\/PRMP\/REPSRU\u00a0du 19 juin 2023 relatif \u00e0 l&rsquo;acquisition d&rsquo;ambulances m\u00e9dicalis\u00e9es pour 07<\/p><a\n                            href=\"https:\/\/dnccp.gouv.tg\/dnccp\/avis-dattribution-provisoire\/f-t-sc-avis-dattribution-provisoire\/mshpaus\/\"\n                            class=\"eael-post-elements-readmore-btn\">T\u00e9l\u00e9chargement<\/a><\/div>\n                    <\/div><div class=\"eael-entry-footer\"><div class=\"eael-author-avatar\"><a href=\"https:\/\/dnccp.gouv.tg\/dnccp\/author\/admina\/\"><\/a><\/div><div class=\"eael-entry-meta\"><span class=\"eael-posted-by\"><a href=\"https:\/\/dnccp.gouv.tg\/dnccp\/author\/admina\/\" title=\"Articles par  \" rel=\"author\"> <\/a><\/span><span class=\"eael-posted-on\"><time datetime=\"31 juillet 2024\">31 juillet 2024<\/time><\/span><\/div><\/div><\/div><\/div>\n        <\/div>\n    <\/article><article class=\"eael-grid-post eael-post-grid-column\" data-id=\"8349\">\n        <div class=\"eael-grid-post-holder\">\n            <div class=\"eael-grid-post-holder-inner\"><div class=\"eael-entry-wrapper\"><header class=\"eael-entry-header\"><h2 class=\"eael-entry-title\"><a\n                        class=\"eael-grid-post-link\"\n                        href=\"https:\/\/dnccp.gouv.tg\/dnccp\/avis-dattribution-provisoire\/f-t-sc-avis-dattribution-provisoire\/comple\/\"\n                        title=\"COMPLE\">COMPLE<\/a><\/h2><\/header><div class=\"eael-entry-content\">\n                        <div class=\"eael-grid-post-excerpt\"><p>R\u00e9sultat de la demande de renseignement de prix N\u00b0DRP\/94\/2023\/DRP\/CPL\/F\/RI\u00a0relatif \u00e0 la fourniture d&rsquo;une \u00e9lectropompe de chargement FUEL (HFO 189 cst\u00b0)<\/p><a\n                            href=\"https:\/\/dnccp.gouv.tg\/dnccp\/avis-dattribution-provisoire\/f-t-sc-avis-dattribution-provisoire\/comple\/\"\n                            class=\"eael-post-elements-readmore-btn\">T\u00e9l\u00e9chargement<\/a><\/div>\n                    <\/div><div class=\"eael-entry-footer\"><div class=\"eael-author-avatar\"><a href=\"https:\/\/dnccp.gouv.tg\/dnccp\/author\/admina\/\"><\/a><\/div><div class=\"eael-entry-meta\"><span class=\"eael-posted-by\"><a href=\"https:\/\/dnccp.gouv.tg\/dnccp\/author\/admina\/\" title=\"Articles par  \" rel=\"author\"> <\/a><\/span><span class=\"eael-posted-on\"><time datetime=\"31 juillet 2024\">31 juillet 2024<\/time><\/span><\/div><\/div><\/div><\/div>\n        <\/div>\n    <\/article><article class=\"eael-grid-post eael-post-grid-column\" data-id=\"8335\">\n        <div class=\"eael-grid-post-holder\">\n            <div class=\"eael-grid-post-holder-inner\"><div class=\"eael-entry-wrapper\"><header class=\"eael-entry-header\"><h2 class=\"eael-entry-title\"><a\n                        class=\"eael-grid-post-link\"\n                        href=\"https:\/\/dnccp.gouv.tg\/dnccp\/avis-dattribution-provisoire\/f-t-sc-avis-dattribution-provisoire\/mepsta\/\"\n                        title=\"MEPSTA\">MEPSTA<\/a><\/h2><\/header><div class=\"eael-entry-content\">\n                        <div class=\"eael-grid-post-excerpt\"><p>Avis d&rsquo;attribution provisoire de l&rsquo;Appel d&rsquo;Offres Ouvert\u00a0N\u00b0006\/MEPSTA\/CAB\/DAF\/PRMP\u00a0du 08 Novembre 2023 relatif \u00e0 l&rsquo;acquisition du mat\u00e9riel didactique (Fourniture des cahiers d&rsquo;\u00e9criture<\/p><a\n                            href=\"https:\/\/dnccp.gouv.tg\/dnccp\/avis-dattribution-provisoire\/f-t-sc-avis-dattribution-provisoire\/mepsta\/\"\n                            class=\"eael-post-elements-readmore-btn\">T\u00e9l\u00e9chargement<\/a><\/div>\n                    <\/div><div class=\"eael-entry-footer\"><div class=\"eael-author-avatar\"><a href=\"https:\/\/dnccp.gouv.tg\/dnccp\/author\/admina\/\"><\/a><\/div><div class=\"eael-entry-meta\"><span class=\"eael-posted-by\"><a href=\"https:\/\/dnccp.gouv.tg\/dnccp\/author\/admina\/\" title=\"Articles par  \" rel=\"author\"> <\/a><\/span><span class=\"eael-posted-on\"><time datetime=\"31 juillet 2024\">31 juillet 2024<\/time><\/span><\/div><\/div><\/div><\/div>\n        <\/div>\n    <\/article><\/div>\n            <div class=\"clearfix\"><\/div>\n        <\/div>\t\t<\/div>\n\t\t\t\t<\/div>\n\t\t\t\t<\/div>\n\t\t\t\t<\/div>\n\t\t\t\t<\/div>\n\t\t","protected":false},"excerpt":{"rendered":"<p>MEPSTA Avis d&rsquo;attribution provisoire de l&rsquo;Appel d&rsquo;Offres Ouvert\u00a0N\u00b0006\/MEPSTA\/CAB\/DAF\/PRMP\u00a0du 08 Novembre 2023 relatif \u00e0 l&rsquo;acquisition du mat\u00e9riel didactique (Fourniture des cahiers<\/p>\n","protected":false},"author":1,"featured_media":0,"parent":0,"menu_order":0,"comment_status":"closed","ping_status":"closed","template":"","meta":{"postBodyMargin":[],"postBodyPadding":[],"postBodyBackground":{"backgroundType":"classic","gradient":""},"footnotes":""},"folder":[],"class_list":["post-1705","page","type-page","status-publish","hentry"],"_links":{"self":[{"href":"https:\/\/dnccp.gouv.tg\/dnccp\/wp-json\/wp\/v2\/pages\/1705"}],"collection":[{"href":"https:\/\/dnccp.gouv.tg\/dnccp\/wp-json\/wp\/v2\/pages"}],"about":[{"href":"https:\/\/dnccp.gouv.tg\/dnccp\/wp-json\/wp\/v2\/types\/page"}],"author":[{"embeddable":true,"href":"https:\/\/dnccp.gouv.tg\/dnccp\/wp-json\/wp\/v2\/users\/1"}],"replies":[{"embeddable":true,"href":"https:\/\/dnccp.gouv.tg\/dnccp\/wp-json\/wp\/v2\/comments?post=1705"}],"version-history":[{"count":16,"href":"https:\/\/dnccp.gouv.tg\/dnccp\/wp-json\/wp\/v2\/pages\/1705\/revisions"}],"predecessor-version":[{"id":8339,"href":"https:\/\/dnccp.gouv.tg\/dnccp\/wp-json\/wp\/v2\/pages\/1705\/revisions\/8339"}],"wp:attachment":[{"href":"https:\/\/dnccp.gouv.tg\/dnccp\/wp-json\/wp\/v2\/media?parent=1705"}],"wp:term":[{"taxonomy":"folder","embeddable":true,"href":"https:\/\/dnccp.gouv.tg\/dnccp\/wp-json\/wp\/v2\/folder?post=1705"}],"curies":[{"name":"wp","href":"https:\/\/api.w.org\/{rel}","templated":true}]}}